{"id":17,"date":"2022-12-31T00:59:44","date_gmt":"2022-12-30T23:59:44","guid":{"rendered":"https:\/\/lesventsdutaoboutique.com\/index.php\/produit\/toupie-a-pompe\/"},"modified":"2026-03-11T23:36:50","modified_gmt":"2026-03-11T22:36:50","slug":"toupie-a-pompe","status":"publish","type":"product","link":"https:\/\/lesventsdutaoboutique.com\/index.php\/produit\/toupie-a-pompe\/","title":{"rendered":"Toupie \u00e0 pompe &#8220;Les oiseaux bleus&#8221;"},"content":{"rendered":"<p>Les fameuses toupies \u00e0 pompe de notre enfance !<\/p>\n<p>Elles sont adapt\u00e9es pour les enfants \u00e0 partir de 3 ans \ud83e\udd70<\/p>\n","protected":false},"excerpt":{"rendered":"<p>Les fameuses toupies \u00e0 pompe de notre enfance ! Elles sont adapt\u00e9es pour les enfants \u00e0 partir de 3 ans \ud83e\udd70<\/p>\n","protected":false},"featured_media":16,"comment_status":"open","ping_status":"closed","template":"","meta":[],"product_cat":[17],"product_tag":[25,23,18,19,20,26,22,21],"class_list":["post-17","product","type-product","status-publish","has-post-thumbnail","hentry","product_cat-toupie","product_tag-ancien","product_tag-cadeaux","product_tag-enfants","product_tag-jeux","product_tag-jouets","product_tag-les-vents-du-tao","product_tag-pompe","product_tag-toupie"],"_links":{"self":[{"href":"https:\/\/lesventsdutaoboutique.com\/index.php\/wp-json\/wp\/v2\/product\/17","targetHints":{"allow":["GET"]}}],"collection":[{"href":"https:\/\/lesventsdutaoboutique.com\/index.php\/wp-json\/wp\/v2\/product"}],"about":[{"href":"https:\/\/lesventsdutaoboutique.com\/index.php\/wp-json\/wp\/v2\/types\/product"}],"replies":[{"embeddable":true,"href":"https:\/\/lesventsdutaoboutique.com\/index.php\/wp-json\/wp\/v2\/comments?post=17"}],"wp:featuredmedia":[{"embeddable":true,"href":"https:\/\/lesventsdutaoboutique.com\/index.php\/wp-json\/wp\/v2\/media\/16"}],"wp:attachment":[{"href":"https:\/\/lesventsdutaoboutique.com\/index.php\/wp-json\/wp\/v2\/media?parent=17"}],"wp:term":[{"taxonomy":"product_cat","embeddable":true,"href":"https:\/\/lesventsdutaoboutique.com\/index.php\/wp-json\/wp\/v2\/product_cat?post=17"},{"taxonomy":"product_tag","embeddable":true,"href":"https:\/\/lesventsdutaoboutique.com\/index.php\/wp-json\/wp\/v2\/product_tag?post=17"}],"curies":[{"name":"wp","href":"https:\/\/api.w.org\/{rel}","templated":true}]}}